{"id":2,"date":"2016-05-10T03:48:21","date_gmt":"2016-05-10T03:48:21","guid":{"rendered":"http:\/\/mindsoultrainer.com\/?page_id=2"},"modified":"2024-05-02T19:12:37","modified_gmt":"2024-05-02T19:12:37","slug":"sample-page","status":"publish","type":"page","link":"https:\/\/www.specialgf4u.com\/","title":{"rendered":"Special GF4U"},"content":{"rendered":"\n<p><\/p>\n\n\n\n\n\n<p><strong>Vendas sob encomendas de 2\u00ba \u00e0s  5\u00ba feiras<\/strong>, <strong>entregas at\u00e9 24h<\/strong><\/p>\n\n\n\n<p>#entregas: frete n\u00e3o incluso ou retirada no local<\/p>\n\n\n\n<div class=\"wp-block-columns is-layout-flex wp-container-core-columns-is-layout-9d6595d7 wp-block-columns-is-layout-flex\">\n<div class=\"wp-block-column is-layout-flow wp-block-column-is-layout-flow\" style=\"flex-basis:33.33%\">\n<p>Fa\u00e7a a sua encomenda:<\/p>\n\n\n\n<p class=\"has-large-font-size\"><strong>Contato: Andrea<\/strong><\/p>\n\n\n\n<p><strong>Telefone<\/strong>: WhatsApp  Specialgf4u <\/p>\n\n\n\n<p class=\"has-large-font-size\"><strong>(11) 9 7673 7402 <\/strong><\/p>\n\n\n\n<p><strong>Instagram<\/strong>: @specialgf4u<\/p>\n\n\n\n<p>#valores atualizados em 02\/2024. podendo ter altera\u00e7\u00f5es. <\/p>\n\n\n\n<p><\/p>\n<\/div>\n<\/div>\n","protected":false},"excerpt":{"rendered":"<p>Vendas sob encomendas de 2\u00ba \u00e0s 5\u00ba feiras, entregas at\u00e9 24h #entregas: frete n\u00e3o incluso ou retirada no local Fa\u00e7a a sua encomenda: Contato: Andrea Telefone: WhatsApp Specialgf4u (11) 9 7673 7402 Instagram: @specialgf4u #valores atualizados em 02\/2024. podendo ter altera\u00e7\u00f5es.<\/p>\n","protected":false},"author":1,"featured_media":0,"parent":0,"menu_order":0,"comment_status":"closed","ping_status":"open","template":"","meta":{"footnotes":""},"class_list":["post-2","page","type-page","status-publish","hentry"],"_links":{"self":[{"href":"https:\/\/www.specialgf4u.com\/index.php?rest_route=\/wp\/v2\/pages\/2","targetHints":{"allow":["GET"]}}],"collection":[{"href":"https:\/\/www.specialgf4u.com\/index.php?rest_route=\/wp\/v2\/pages"}],"about":[{"href":"https:\/\/www.specialgf4u.com\/index.php?rest_route=\/wp\/v2\/types\/page"}],"author":[{"embeddable":true,"href":"https:\/\/www.specialgf4u.com\/index.php?rest_route=\/wp\/v2\/users\/1"}],"replies":[{"embeddable":true,"href":"https:\/\/www.specialgf4u.com\/index.php?rest_route=%2Fwp%2Fv2%2Fcomments&post=2"}],"version-history":[{"count":71,"href":"https:\/\/www.specialgf4u.com\/index.php?rest_route=\/wp\/v2\/pages\/2\/revisions"}],"predecessor-version":[{"id":3174,"href":"https:\/\/www.specialgf4u.com\/index.php?rest_route=\/wp\/v2\/pages\/2\/revisions\/3174"}],"wp:attachment":[{"href":"https:\/\/www.specialgf4u.com\/index.php?rest_route=%2Fwp%2Fv2%2Fmedia&parent=2"}],"curies":[{"name":"wp","href":"https:\/\/api.w.org\/{rel}","templated":true}]}}